{"id":113,"date":"2018-08-02T19:02:18","date_gmt":"2018-08-02T19:02:18","guid":{"rendered":"http:\/\/farmacianuevaboggian.com\/?page_id=113"},"modified":"2025-02-10T13:57:14","modified_gmt":"2025-02-10T13:57:14","slug":"bonos-de-descuento-y-pap","status":"publish","type":"page","link":"https:\/\/farmacianuevaboggian.com\/index.php\/bonos-de-descuento-y-pap\/","title":{"rendered":"Bonos de descuento y  PAP"},"content":{"rendered":"<p>[et_pb_section fb_built=\u00bb1&#8243; _builder_version=\u00bb4.16&#8243; custom_padding=\u00bb0|0px|2px|0px|false|false\u00bb border_width_top=\u00bb4px\u00bb border_color_top=\u00bb#7cda24&#8243; global_colors_info=\u00bb{}\u00bb][et_pb_row _builder_version=\u00bb4.16&#8243; custom_padding=\u00bb40px|0px|23px|0px|false|false\u00bb global_colors_info=\u00bb{}\u00bb][et_pb_column type=\u00bb4_4&#8243; _builder_version=\u00bb4.16&#8243; custom_padding=\u00bb|||\u00bb global_colors_info=\u00bb{}\u00bb custom_padding__hover=\u00bb|||\u00bb][et_pb_text _builder_version=\u00bb4.16&#8243; text_font=\u00bb||||||||\u00bb header_font=\u00bb||||||||\u00bb header_2_font=\u00bb|700|||||||\u00bb header_2_text_color=\u00bb#8300e9&#8243; header_2_font_size=\u00bb35px\u00bb header_2_line_height=\u00bb2.2em\u00bb custom_padding=\u00bb|||17px\u00bb border_width_left=\u00bb5px\u00bb border_color_left=\u00bb#8300e9&#8243; global_colors_info=\u00bb{}\u00bb]<\/p>\n<h2>BONOS DE DESCUENTOS Y PAP<\/h2>\n<p>[\/et_pb_text][et_pb_text _builder_version=\u00bb4.16&#8243; global_colors_info=\u00bb{}\u00bb]<\/p>\n<p>Conoce el listado de bonos de descuentos y PAP que aceptamos en Farmacia nueva boggian.<\/p>\n<p>[\/et_pb_text][\/et_pb_column][\/et_pb_row][\/et_pb_section][et_pb_section fb_built=\u00bb1&#8243; _builder_version=\u00bb4.16&#8243; background_color=\u00bbrgba(124,218,36,0.09)\u00bb custom_padding=\u00bb21px|0px|0|0px|false|false\u00bb global_colors_info=\u00bb{}\u00bb][et_pb_row _builder_version=\u00bb4.16&#8243; custom_padding=\u00bb27px|0px|0|0px|false|false\u00bb global_colors_info=\u00bb{}\u00bb][et_pb_column type=\u00bb4_4&#8243; _builder_version=\u00bb4.16&#8243; custom_padding=\u00bb|||\u00bb global_colors_info=\u00bb{}\u00bb custom_padding__hover=\u00bb|||\u00bb][et_pb_text _builder_version=\u00bb4.16&#8243; header_font=\u00bb||||||||\u00bb header_3_font=\u00bb|600|||||||\u00bb header_3_text_color=\u00bbrgba(0,0,0,0.82)\u00bb header_3_font_size=\u00bb27px\u00bb global_colors_info=\u00bb{}\u00bb]<\/p>\n<h3>Bonos de descuento<\/h3>\n<p>[\/et_pb_text][\/et_pb_column][\/et_pb_row][et_pb_row column_structure=\u00bb1_3,1_3,1_3&#8243; _builder_version=\u00bb4.16&#8243; custom_padding=\u00bb51px|0px|40px|0px|false|false\u00bb global_colors_info=\u00bb{}\u00bb][et_pb_column type=\u00bb1_3&#8243; _builder_version=\u00bb4.16&#8243; custom_padding=\u00bb|||\u00bb global_colors_info=\u00bb{}\u00bb custom_padding__hover=\u00bb|||\u00bb][et_pb_circle_counter title=\u00bbCasar\u00e1\u00bb number=\u00bb25&#8243; bar_bg_color=\u00bb#7cda24&#8243; _builder_version=\u00bb4.16&#8243; title_font=\u00bb|600|||||||\u00bb title_text_color=\u00bb#8300e9&#8243; title_font_size=\u00bb25px\u00bb max_width=\u00bb120px\u00bb global_colors_info=\u00bb{}\u00bb][\/et_pb_circle_counter][\/et_pb_column][et_pb_column type=\u00bb1_3&#8243; _builder_version=\u00bb4.16&#8243; custom_padding=\u00bb|||\u00bb global_colors_info=\u00bb{}\u00bb custom_padding__hover=\u00bb|||\u00bb][et_pb_circle_counter title=\u00bbPanalab\u00bb number=\u00bb25&#8243; bar_bg_color=\u00bb#7cda24&#8243; _builder_version=\u00bb4.16&#8243; title_font=\u00bb|600|||||||\u00bb title_text_color=\u00bb#8300e9&#8243; title_font_size=\u00bb25px\u00bb max_width=\u00bb120px\u00bb global_colors_info=\u00bb{}\u00bb][\/et_pb_circle_counter][\/et_pb_column][et_pb_column type=\u00bb1_3&#8243; _builder_version=\u00bb4.16&#8243; custom_padding=\u00bb|||\u00bb global_colors_info=\u00bb{}\u00bb custom_padding__hover=\u00bb|||\u00bb][et_pb_circle_counter title=\u00bbValuge\u00bb number=\u00bb30&#8243; bar_bg_color=\u00bb#7cda24&#8243; _builder_version=\u00bb4.16&#8243; title_font=\u00bb|600|||||||\u00bb title_text_color=\u00bb#8300e9&#8243; title_font_size=\u00bb25px\u00bb max_width=\u00bb120px\u00bb global_colors_info=\u00bb{}\u00bb][\/et_pb_circle_counter][\/et_pb_column][\/et_pb_row][\/et_pb_section][et_pb_section fb_built=\u00bb1&#8243; _builder_version=\u00bb4.16&#8243; custom_padding=\u00bb0|0px|30px|0px|false|false\u00bb global_colors_info=\u00bb{}\u00bb][et_pb_row _builder_version=\u00bb4.16&#8243; custom_padding=\u00bb40px|0px|25px|0px|false|false\u00bb global_colors_info=\u00bb{}\u00bb][et_pb_column type=\u00bb4_4&#8243; _builder_version=\u00bb4.16&#8243; custom_padding=\u00bb|||\u00bb global_colors_info=\u00bb{}\u00bb custom_padding__hover=\u00bb|||\u00bb][et_pb_text _builder_version=\u00bb4.16&#8243; header_font=\u00bb||||||||\u00bb header_3_font=\u00bb|600|||||||\u00bb header_3_text_color=\u00bbrgba(0,0,0,0.82)\u00bb header_3_font_size=\u00bb27px\u00bb global_colors_info=\u00bb{}\u00bb]<\/p>\n<h3>PAP<\/h3>\n<p>[\/et_pb_text][\/et_pb_column][\/et_pb_row][et_pb_row column_structure=\u00bb1_3,1_3,1_3&#8243; _builder_version=\u00bb4.16&#8243; custom_padding=\u00bb27px|0px|28px|0px|false|false\u00bb global_colors_info=\u00bb{}\u00bb][et_pb_column type=\u00bb1_3&#8243; _builder_version=\u00bb4.16&#8243; custom_padding=\u00bb|||\u00bb global_colors_info=\u00bb{}\u00bb custom_padding__hover=\u00bb|||\u00bb][et_pb_text _builder_version=\u00bb4.27.4&#8243; text_font=\u00bb|600|||||||\u00bb text_font_size=\u00bb18px\u00bb hover_enabled=\u00bb0&#8243; global_colors_info=\u00bb{}\u00bb sticky_enabled=\u00bb0&#8243;]<\/p>\n<p>Bag\u00f3<\/p>\n<p>Casasco<\/p>\n<p>Raffo<\/p>\n<p>Beta<\/p>\n<p>Astra Zeneca<\/p>\n<p>Baliarda<\/p>\n<p>Gador<\/p>\n<p>Cepage<\/p>\n<p>De la Roche<!-- notionvc: 2f2ca25e-fa12-446a-a680-256d73bbde78 --><\/p>\n<p>[\/et_pb_text][\/et_pb_column][et_pb_column type=\u00bb1_3&#8243; _builder_version=\u00bb4.16&#8243; custom_padding=\u00bb|||\u00bb global_colors_info=\u00bb{}\u00bb custom_padding__hover=\u00bb|||\u00bb][et_pb_text _builder_version=\u00bb4.27.4&#8243; text_font=\u00bb|600|||||||\u00bb text_font_size=\u00bb18px\u00bb hover_enabled=\u00bb0&#8243; global_colors_info=\u00bb{}\u00bb sticky_enabled=\u00bb0&#8243;]<\/p>\n<p>Richmand<\/p>\n<p>Alc\u00f3n<\/p>\n<p>Casar\u00e1<\/p>\n<p>Craveri<\/p>\n<p>Elea<\/p>\n<p>Gobbi<\/p>\n<p>Lazar<\/p>\n<p>Cogalte<\/p>\n<p>Eucerin<\/p>\n<p>[\/et_pb_text][\/et_pb_column][et_pb_column type=\u00bb1_3&#8243; _builder_version=\u00bb4.16&#8243; custom_padding=\u00bb|||\u00bb global_colors_info=\u00bb{}\u00bb custom_padding__hover=\u00bb|||\u00bb][et_pb_text _builder_version=\u00bb4.27.4&#8243; text_font=\u00bb|600|||||||\u00bb text_font_size=\u00bb18px\u00bb hover_enabled=\u00bb0&#8243; global_colors_info=\u00bb{}\u00bb sticky_enabled=\u00bb0&#8243;]<\/p>\n<p>Lundbeck<\/p>\n<p>Montpellier<\/p>\n<p>Phoenix<\/p>\n<p>Sanofi<\/p>\n<p>Servier<\/p>\n<p>Pfizzer<\/p>\n<p>Temis Lostalo<\/p>\n<p>Eximia<\/p>\n<p>L&#8217;Or\u00e9al<\/p>\n<p>[\/et_pb_text][\/et_pb_column][\/et_pb_row][\/et_pb_section]<\/p>\n","protected":false},"excerpt":{"rendered":"<p>BONOS DE DESCUENTOS Y PAPConoce el listado de bonos de descuentos y PAP que aceptamos en Farmacia nueva boggian.Bonos de descuentoPAPBag\u00f3 Casasco Raffo Beta Astra Zeneca Baliarda Gador Cepage De la RocheRichmand Alc\u00f3n Casar\u00e1 Craveri Elea Gobbi Lazar Cogalte EucerinLundbeck Montpellier Phoenix Sanofi Servier Pfizzer Temis Lostalo Eximia L&#8217;Or\u00e9al<\/p>\n","protected":false},"author":1,"featured_media":0,"parent":0,"menu_order":0,"comment_status":"closed","ping_status":"closed","template":"","meta":{"_et_pb_use_builder":"on","_et_pb_old_content":"","_et_gb_content_width":"","footnotes":""},"class_list":["post-113","page","type-page","status-publish","hentry"],"_links":{"self":[{"href":"https:\/\/farmacianuevaboggian.com\/index.php\/wp-json\/wp\/v2\/pages\/113","targetHints":{"allow":["GET"]}}],"collection":[{"href":"https:\/\/farmacianuevaboggian.com\/index.php\/wp-json\/wp\/v2\/pages"}],"about":[{"href":"https:\/\/farmacianuevaboggian.com\/index.php\/wp-json\/wp\/v2\/types\/page"}],"author":[{"embeddable":true,"href":"https:\/\/farmacianuevaboggian.com\/index.php\/wp-json\/wp\/v2\/users\/1"}],"replies":[{"embeddable":true,"href":"https:\/\/farmacianuevaboggian.com\/index.php\/wp-json\/wp\/v2\/comments?post=113"}],"version-history":[{"count":7,"href":"https:\/\/farmacianuevaboggian.com\/index.php\/wp-json\/wp\/v2\/pages\/113\/revisions"}],"predecessor-version":[{"id":628,"href":"https:\/\/farmacianuevaboggian.com\/index.php\/wp-json\/wp\/v2\/pages\/113\/revisions\/628"}],"wp:attachment":[{"href":"https:\/\/farmacianuevaboggian.com\/index.php\/wp-json\/wp\/v2\/media?parent=113"}],"curies":[{"name":"wp","href":"https:\/\/api.w.org\/{rel}","templated":true}]}}